{"id":31,"date":"2026-02-04T23:04:47","date_gmt":"2026-02-04T23:04:47","guid":{"rendered":"https:\/\/kore-cr.com\/?page_id=31"},"modified":"2026-02-06T18:48:15","modified_gmt":"2026-02-06T18:48:15","slug":"contact","status":"publish","type":"page","link":"https:\/\/kore-cr.com\/index.php\/contact\/","title":{"rendered":"Cont\u00e1ctanos"},"content":{"rendered":"<p>[et_pb_section fb_built=\u00bb1&#8243; admin_label=\u00bbHeader\u00bb _builder_version=\u00bb4.27.5&#8243; _module_preset=\u00bbdefault\u00bb hover_enabled=\u00bb0&#8243; collapsed=\u00bbon\u00bb global_colors_info=\u00bb{%22gcid-2a2d16d8-12e5-4520-affe-307c5f5dfb07%22:%91%22background_color%22%93}\u00bb custom_margin=\u00bb-97px||-97px||true|false\u00bb custom_padding=\u00bb88px||88px||true|false\u00bb sticky_enabled=\u00bb0&#8243;][et_pb_row _builder_version=\u00bb4.27.3&#8243; _module_preset=\u00bbdefault\u00bb global_colors_info=\u00bb{}\u00bb][et_pb_column type=\u00bb4_4&#8243; _builder_version=\u00bb4.27.3&#8243; _module_preset=\u00bbdefault\u00bb global_colors_info=\u00bb{}\u00bb][et_pb_heading title=\u00bbCont\u00e1ctanos\u00bb _builder_version=\u00bb4.27.3&#8243; _module_preset=\u00bb9e61c0fb-59b1-4190-863f-7af3501732b9&#8243; global_colors_info=\u00bb{}\u00bb][\/et_pb_heading][\/et_pb_column][\/et_pb_row][et_pb_row column_structure=\u00bb1_3,1_3,1_3&#8243; use_custom_gutter=\u00bbon\u00bb gutter_width=\u00bb2&#8243; make_equal=\u00bbon\u00bb _builder_version=\u00bb4.27.3&#8243; _module_preset=\u00bbdefault\u00bb locked=\u00bboff\u00bb global_colors_info=\u00bb{}\u00bb][et_pb_column type=\u00bb1_3&#8243; _builder_version=\u00bb4.27.3&#8243; _module_preset=\u00bb335f7bf8-8caf-4d67-9978-9a7df354b61c\u00bb border_color_all=\u00bbgcid-primary-color\u00bb global_colors_info=\u00bb{%22gcid-primary-color%22:%91%22border_color_all%22%93}\u00bb][et_pb_blurb title=\u00bbWhatsApp\u00bb _builder_version=\u00bb4.27.3&#8243; _module_preset=\u00bb27a726e8-bb71-4d59-aefe-cd292cd67f3b\u00bb background_color=\u00bbgcid-primary-color\u00bb global_colors_info=\u00bb{%22gcid-primary-color%22:%91%22body_quote_text_color%22,%22background_color%22%93}\u00bb]<\/p>\n<p>Si necesitas m\u00e1s informaci\u00f3n, cont\u00e1ctanos por WhatsApp. Estamos disponibles para cualquier pregunta.<\/p>\n<p>[\/et_pb_blurb][et_pb_button button_text=\u00bbHabla con Nosotros\u00bb _builder_version=\u00bb4.27.5&#8243; _module_preset=\u00bba8558bf7-536d-4a5e-80ac-b322711f61bf\u00bb button_text_color=\u00bbgcid-primary-color\u00bb hover_enabled=\u00bb0&#8243; global_colors_info=\u00bb{%22gcid-primary-color%22:%91%22button_text_color%22%93}\u00bb button_url=\u00bbhttps:\/\/web.whatsapp.com\/send?phone=50663749763&#038;text=\u00bb sticky_enabled=\u00bb0&#8243;][\/et_pb_button][\/et_pb_column][et_pb_column type=\u00bb1_3&#8243; _builder_version=\u00bb4.27.3&#8243; _module_preset=\u00bb335f7bf8-8caf-4d67-9978-9a7df354b61c\u00bb border_color_all=\u00bbgcid-secondary-color\u00bb global_colors_info=\u00bb{%22gcid-secondary-color%22:%91%22border_color_all%22%93}\u00bb][et_pb_blurb title=\u00bbSoporte\u00bb _builder_version=\u00bb4.27.5&#8243; _module_preset=\u00bb9e09e695-d4af-4e34-a72f-11da8f308b8d\u00bb header_font=\u00bb||||||||\u00bb background_color=\u00bbgcid-secondary-color\u00bb hover_enabled=\u00bb0&#8243; locked=\u00bboff\u00bb global_colors_info=\u00bb{%22gcid-primary-color%22:%91%22body_quote_text_color%22%93,%22gcid-secondary-color%22:%91%22background_color%22%93}\u00bb sticky_enabled=\u00bb0&#8243;]<\/p>\n<p>\u00bfNecesita ayuda con nuestros productos o servicios? Nuestro equipo de soporte se compromete a brindarle ayuda oportuna y eficaz.<\/p>\n<p>[\/et_pb_blurb][et_pb_button button_text=\u00bbHabla con Nosotros\u00bb _builder_version=\u00bb4.27.5&#8243; _module_preset=\u00bba8558bf7-536d-4a5e-80ac-b322711f61bf\u00bb button_text_color=\u00bbgcid-secondary-color\u00bb hover_enabled=\u00bb0&#8243; global_colors_info=\u00bb{%22gcid-secondary-color%22:%91%22button_text_color%22%93}\u00bb sticky_enabled=\u00bb0&#8243; button_url=\u00bbhttps:\/\/web.whatsapp.com\/send?phone=50663749763&#038;text=\u00bb][\/et_pb_button][\/et_pb_column][et_pb_column type=\u00bb1_3&#8243; _builder_version=\u00bb4.27.3&#8243; _module_preset=\u00bb335f7bf8-8caf-4d67-9978-9a7df354b61c\u00bb custom_padding=\u00bb60px|30px|60px|30px|true|true\u00bb global_colors_info=\u00bb{}\u00bb][et_pb_blurb title=\u00bb\u00bfAlgo m\u00e1s?\u00bb icon_placement=\u00bbtop\u00bb _builder_version=\u00bb4.27.5&#8243; _module_preset=\u00bb0b97a275-06f5-4ad9-a625-88a5bd082304&#8243; hover_enabled=\u00bb0&#8243; locked=\u00bboff\u00bb global_colors_info=\u00bb{%22gcid-secondary-color%22:%91%22background_color%22%93}\u00bb sticky_enabled=\u00bb0&#8243;]<\/p>\n<p>\u00bfTienes alguna pregunta, comentario o simplemente quieres conectar? \u00a1Nos encantar\u00eda saber de ti!<\/p>\n<p>Env\u00edanos tu consulta al correo:<\/p>\n<p>info@kore-cr.com<\/p>\n<p>[\/et_pb_blurb][et_pb_button _builder_version=\u00bb4.27.5&#8243; _module_preset=\u00bb1cc6214c-cc59-4e35-8ac0-28729a57edbc\u00bb hover_enabled=\u00bb0&#8243; global_colors_info=\u00bb{}\u00bb sticky_enabled=\u00bb0&#8243;][\/et_pb_button][\/et_pb_column][\/et_pb_row][et_pb_row _builder_version=\u00bb4.27.3&#8243; _module_preset=\u00bbdefault\u00bb hover_enabled=\u00bb0&#8243; global_colors_info=\u00bb{}\u00bb sticky_enabled=\u00bb0&#8243;][et_pb_column type=\u00bb4_4&#8243; _builder_version=\u00bb4.27.3&#8243; _module_preset=\u00bbdefault\u00bb global_colors_info=\u00bb{}\u00bb][et_pb_contact_form captcha=\u00bboff\u00bb _builder_version=\u00bb4.27.5&#8243; _module_preset=\u00bbc42db4ee-c7c8-4505-a717-e5e618777d67&#8243; _unique_id=\u00bbdf13f7e0-3462-4f03-b549-cebf1f137101&#8243; form_field_custom_margin=\u00bb||||false|false\u00bb hover_enabled=\u00bb0&#8243; global_colors_info=\u00bb{}\u00bb email=\u00bbinfo@kore-cr.com\u00bb sticky_enabled=\u00bb0&#8243;][et_pb_contact_field field_id=\u00bbName\u00bb field_title=\u00bbName\u00bb _builder_version=\u00bb4.27.3&#8243; global_colors_info=\u00bb{}\u00bb button_text_size__hover_enabled=\u00bboff\u00bb button_one_text_size__hover_enabled=\u00bboff\u00bb button_two_text_size__hover_enabled=\u00bboff\u00bb button_text_color__hover_enabled=\u00bboff\u00bb button_one_text_color__hover_enabled=\u00bboff\u00bb button_two_text_color__hover_enabled=\u00bboff\u00bb button_border_width__hover_enabled=\u00bboff\u00bb button_one_border_width__hover_enabled=\u00bboff\u00bb button_two_border_width__hover_enabled=\u00bboff\u00bb button_border_color__hover_enabled=\u00bboff\u00bb button_one_border_color__hover_enabled=\u00bboff\u00bb button_two_border_color__hover_enabled=\u00bboff\u00bb button_border_radius__hover_enabled=\u00bboff\u00bb button_one_border_radius__hover_enabled=\u00bboff\u00bb button_two_border_radius__hover_enabled=\u00bboff\u00bb button_letter_spacing__hover_enabled=\u00bboff\u00bb button_one_letter_spacing__hover_enabled=\u00bboff\u00bb button_two_letter_spacing__hover_enabled=\u00bboff\u00bb button_bg_color__hover_enabled=\u00bboff\u00bb button_one_bg_color__hover_enabled=\u00bboff\u00bb button_two_bg_color__hover_enabled=\u00bboff\u00bb][\/et_pb_contact_field][et_pb_contact_field field_id=\u00bbEmail\u00bb field_title=\u00bbEmail Address\u00bb field_type=\u00bbemail\u00bb _builder_version=\u00bb4.16&#8243; global_colors_info=\u00bb{}\u00bb button_text_size__hover_enabled=\u00bboff\u00bb button_one_text_size__hover_enabled=\u00bboff\u00bb button_two_text_size__hover_enabled=\u00bboff\u00bb button_text_color__hover_enabled=\u00bboff\u00bb button_one_text_color__hover_enabled=\u00bboff\u00bb button_two_text_color__hover_enabled=\u00bboff\u00bb button_border_width__hover_enabled=\u00bboff\u00bb button_one_border_width__hover_enabled=\u00bboff\u00bb button_two_border_width__hover_enabled=\u00bboff\u00bb button_border_color__hover_enabled=\u00bboff\u00bb button_one_border_color__hover_enabled=\u00bboff\u00bb button_two_border_color__hover_enabled=\u00bboff\u00bb button_border_radius__hover_enabled=\u00bboff\u00bb button_one_border_radius__hover_enabled=\u00bboff\u00bb button_two_border_radius__hover_enabled=\u00bboff\u00bb button_letter_spacing__hover_enabled=\u00bboff\u00bb button_one_letter_spacing__hover_enabled=\u00bboff\u00bb button_two_letter_spacing__hover_enabled=\u00bboff\u00bb button_bg_color__hover_enabled=\u00bboff\u00bb button_one_bg_color__hover_enabled=\u00bboff\u00bb button_two_bg_color__hover_enabled=\u00bboff\u00bb][\/et_pb_contact_field][et_pb_contact_field field_id=\u00bbMessage\u00bb field_title=\u00bbMessage\u00bb field_type=\u00bbtext\u00bb fullwidth_field=\u00bbon\u00bb _builder_version=\u00bb4.16&#8243; global_colors_info=\u00bb{}\u00bb button_text_size__hover_enabled=\u00bboff\u00bb button_one_text_size__hover_enabled=\u00bboff\u00bb button_two_text_size__hover_enabled=\u00bboff\u00bb button_text_color__hover_enabled=\u00bboff\u00bb button_one_text_color__hover_enabled=\u00bboff\u00bb button_two_text_color__hover_enabled=\u00bboff\u00bb button_border_width__hover_enabled=\u00bboff\u00bb button_one_border_width__hover_enabled=\u00bboff\u00bb button_two_border_width__hover_enabled=\u00bboff\u00bb button_border_color__hover_enabled=\u00bboff\u00bb button_one_border_color__hover_enabled=\u00bboff\u00bb button_two_border_color__hover_enabled=\u00bboff\u00bb button_border_radius__hover_enabled=\u00bboff\u00bb button_one_border_radius__hover_enabled=\u00bboff\u00bb button_two_border_radius__hover_enabled=\u00bboff\u00bb button_letter_spacing__hover_enabled=\u00bboff\u00bb button_one_letter_spacing__hover_enabled=\u00bboff\u00bb button_two_letter_spacing__hover_enabled=\u00bboff\u00bb button_bg_color__hover_enabled=\u00bboff\u00bb button_one_bg_color__hover_enabled=\u00bboff\u00bb button_two_bg_color__hover_enabled=\u00bboff\u00bb][\/et_pb_contact_field][\/et_pb_contact_form][\/et_pb_column][\/et_pb_row][\/et_pb_section]<\/p>\n","protected":false},"excerpt":{"rendered":"<p>Si necesitas m\u00e1s informaci\u00f3n, cont\u00e1ctanos por WhatsApp. Estamos disponibles para cualquier pregunta.\u00bfNecesita ayuda con nuestros productos o servicios? Nuestro equipo de soporte se compromete a brindarle ayuda oportuna y eficaz.\u00bfTienes alguna pregunta, comentario o simplemente quieres conectar? \u00a1Nos encantar\u00eda saber de ti! Env\u00edanos tu consulta al correo: info@kore-cr.com<\/p>\n","protected":false},"author":1,"featured_media":0,"parent":0,"menu_order":0,"comment_status":"closed","ping_status":"closed","template":"","meta":{"_et_pb_use_builder":"on","_et_pb_old_content":"","_et_gb_content_width":"","footnotes":""},"class_list":["post-31","page","type-page","status-publish","hentry"],"yoast_head":"<!-- This site is optimized with the Yoast SEO plugin v26.9 - https:\/\/yoast.com\/product\/yoast-seo-wordpress\/ -->\n<title>Cont\u00e1ctanos - K O R E<\/title>\n<meta name=\"robots\" content=\"index, follow, max-snippet:-1, max-image-preview:large, max-video-preview:-1\" \/>\n<link rel=\"canonical\" href=\"https:\/\/kore-cr.com\/index.php\/contact\/\" \/>\n<meta property=\"og:locale\" content=\"es_ES\" \/>\n<meta property=\"og:type\" content=\"article\" \/>\n<meta property=\"og:title\" content=\"Cont\u00e1ctanos - K O R E\" \/>\n<meta property=\"og:description\" content=\"Si necesitas m\u00e1s informaci\u00f3n, cont\u00e1ctanos por WhatsApp. Estamos disponibles para cualquier pregunta.\u00bfNecesita ayuda con nuestros productos o servicios? Nuestro equipo de soporte se compromete a brindarle ayuda oportuna y eficaz.\u00bfTienes alguna pregunta, comentario o simplemente quieres conectar? \u00a1Nos encantar\u00eda saber de ti! Env\u00edanos tu consulta al correo: info@kore-cr.com\" \/>\n<meta property=\"og:url\" content=\"https:\/\/kore-cr.com\/index.php\/contact\/\" \/>\n<meta property=\"og:site_name\" content=\"K O R E\" \/>\n<meta property=\"article:modified_time\" content=\"2026-02-06T18:48:15+00:00\" \/>\n<meta name=\"twitter:card\" content=\"summary_large_image\" \/>\n<meta name=\"twitter:label1\" content=\"Tiempo de lectura\" \/>\n\t<meta name=\"twitter:data1\" content=\"6 minutos\" \/>\n<script type=\"application\/ld+json\" class=\"yoast-schema-graph\">{\"@context\":\"https:\/\/schema.org\",\"@graph\":[{\"@type\":\"WebPage\",\"@id\":\"https:\/\/kore-cr.com\/index.php\/contact\/\",\"url\":\"https:\/\/kore-cr.com\/index.php\/contact\/\",\"name\":\"Cont\u00e1ctanos - K O R E\",\"isPartOf\":{\"@id\":\"https:\/\/kore-cr.com\/#website\"},\"datePublished\":\"2026-02-04T23:04:47+00:00\",\"dateModified\":\"2026-02-06T18:48:15+00:00\",\"breadcrumb\":{\"@id\":\"https:\/\/kore-cr.com\/index.php\/contact\/#breadcrumb\"},\"inLanguage\":\"es\",\"potentialAction\":[{\"@type\":\"ReadAction\",\"target\":[\"https:\/\/kore-cr.com\/index.php\/contact\/\"]}]},{\"@type\":\"BreadcrumbList\",\"@id\":\"https:\/\/kore-cr.com\/index.php\/contact\/#breadcrumb\",\"itemListElement\":[{\"@type\":\"ListItem\",\"position\":1,\"name\":\"Portada\",\"item\":\"https:\/\/kore-cr.com\/\"},{\"@type\":\"ListItem\",\"position\":2,\"name\":\"Cont\u00e1ctanos\"}]},{\"@type\":\"WebSite\",\"@id\":\"https:\/\/kore-cr.com\/#website\",\"url\":\"https:\/\/kore-cr.com\/\",\"name\":\"K O R E\",\"description\":\"knowledge Optimization Research Engineering\",\"potentialAction\":[{\"@type\":\"SearchAction\",\"target\":{\"@type\":\"EntryPoint\",\"urlTemplate\":\"https:\/\/kore-cr.com\/?s={search_term_string}\"},\"query-input\":{\"@type\":\"PropertyValueSpecification\",\"valueRequired\":true,\"valueName\":\"search_term_string\"}}],\"inLanguage\":\"es\"}]}<\/script>\n<!-- \/ Yoast SEO plugin. -->","yoast_head_json":{"title":"Cont\u00e1ctanos - K O R E","robots":{"index":"index","follow":"follow","max-snippet":"max-snippet:-1","max-image-preview":"max-image-preview:large","max-video-preview":"max-video-preview:-1"},"canonical":"https:\/\/kore-cr.com\/index.php\/contact\/","og_locale":"es_ES","og_type":"article","og_title":"Cont\u00e1ctanos - K O R E","og_description":"Si necesitas m\u00e1s informaci\u00f3n, cont\u00e1ctanos por WhatsApp. Estamos disponibles para cualquier pregunta.\u00bfNecesita ayuda con nuestros productos o servicios? Nuestro equipo de soporte se compromete a brindarle ayuda oportuna y eficaz.\u00bfTienes alguna pregunta, comentario o simplemente quieres conectar? \u00a1Nos encantar\u00eda saber de ti! Env\u00edanos tu consulta al correo: info@kore-cr.com","og_url":"https:\/\/kore-cr.com\/index.php\/contact\/","og_site_name":"K O R E","article_modified_time":"2026-02-06T18:48:15+00:00","twitter_card":"summary_large_image","twitter_misc":{"Tiempo de lectura":"6 minutos"},"schema":{"@context":"https:\/\/schema.org","@graph":[{"@type":"WebPage","@id":"https:\/\/kore-cr.com\/index.php\/contact\/","url":"https:\/\/kore-cr.com\/index.php\/contact\/","name":"Cont\u00e1ctanos - K O R E","isPartOf":{"@id":"https:\/\/kore-cr.com\/#website"},"datePublished":"2026-02-04T23:04:47+00:00","dateModified":"2026-02-06T18:48:15+00:00","breadcrumb":{"@id":"https:\/\/kore-cr.com\/index.php\/contact\/#breadcrumb"},"inLanguage":"es","potentialAction":[{"@type":"ReadAction","target":["https:\/\/kore-cr.com\/index.php\/contact\/"]}]},{"@type":"BreadcrumbList","@id":"https:\/\/kore-cr.com\/index.php\/contact\/#breadcrumb","itemListElement":[{"@type":"ListItem","position":1,"name":"Portada","item":"https:\/\/kore-cr.com\/"},{"@type":"ListItem","position":2,"name":"Cont\u00e1ctanos"}]},{"@type":"WebSite","@id":"https:\/\/kore-cr.com\/#website","url":"https:\/\/kore-cr.com\/","name":"K O R E","description":"knowledge Optimization Research Engineering","potentialAction":[{"@type":"SearchAction","target":{"@type":"EntryPoint","urlTemplate":"https:\/\/kore-cr.com\/?s={search_term_string}"},"query-input":{"@type":"PropertyValueSpecification","valueRequired":true,"valueName":"search_term_string"}}],"inLanguage":"es"}]}},"_links":{"self":[{"href":"https:\/\/kore-cr.com\/index.php\/wp-json\/wp\/v2\/pages\/31","targetHints":{"allow":["GET"]}}],"collection":[{"href":"https:\/\/kore-cr.com\/index.php\/wp-json\/wp\/v2\/pages"}],"about":[{"href":"https:\/\/kore-cr.com\/index.php\/wp-json\/wp\/v2\/types\/page"}],"author":[{"embeddable":true,"href":"https:\/\/kore-cr.com\/index.php\/wp-json\/wp\/v2\/users\/1"}],"replies":[{"embeddable":true,"href":"https:\/\/kore-cr.com\/index.php\/wp-json\/wp\/v2\/comments?post=31"}],"version-history":[{"count":5,"href":"https:\/\/kore-cr.com\/index.php\/wp-json\/wp\/v2\/pages\/31\/revisions"}],"predecessor-version":[{"id":142,"href":"https:\/\/kore-cr.com\/index.php\/wp-json\/wp\/v2\/pages\/31\/revisions\/142"}],"wp:attachment":[{"href":"https:\/\/kore-cr.com\/index.php\/wp-json\/wp\/v2\/media?parent=31"}],"curies":[{"name":"wp","href":"https:\/\/api.w.org\/{rel}","templated":true}]}}